{"id":842,"date":"2023-07-07T10:33:40","date_gmt":"2023-07-07T10:33:40","guid":{"rendered":"https:\/\/granosysemillasdelsur.com\/products\/sesame\/"},"modified":"2023-09-07T14:36:57","modified_gmt":"2023-09-07T14:36:57","slug":"sesame","status":"publish","type":"page","link":"https:\/\/granosysemillasdelsur.com\/en\/products\/sesame\/","title":{"rendered":"Sesame Seeds"},"content":{"rendered":"<p>[et_pb_section fb_built=&#8221;1&#8243; custom_padding_last_edited=&#8221;on|phone&#8221; _builder_version=&#8221;4.21.0&#8243; _module_preset=&#8221;default&#8221; background_color=&#8221;#CBB54C&#8221; background_image=&#8221;https:\/\/granosysemillasdelsur.com\/wp-content\/uploads\/2023\/07\/background-title-verde-sesamo-01.jpg&#8221; parallax=&#8221;on&#8221; parallax_method=&#8221;off&#8221; custom_margin=&#8221;||||false|false&#8221; custom_padding=&#8221;0px||50px||false|false&#8221; custom_padding_tablet=&#8221;||100px||false|false&#8221; custom_padding_phone=&#8221;||100px||false|false&#8221; global_colors_info=&#8221;{}&#8221;][et_pb_row _builder_version=&#8221;4.21.0&#8243; _module_preset=&#8221;default&#8221; custom_padding=&#8221;0px||0px||false|false&#8221; global_colors_info=&#8221;{}&#8221;][et_pb_column type=&#8221;4_4&#8243; _builder_version=&#8221;4.21.0&#8243; _module_preset=&#8221;default&#8221; global_colors_info=&#8221;{}&#8221;][et_pb_image src=&#8221;@ET-DC@eyJkeW5hbWljIjp0cnVlLCJjb250ZW50IjoicG9zdF9mZWF0dXJlZF9pbWFnZSIsInNldHRpbmdzIjp7fX0=@&#8221; title_text=&#8221;sqr-productos-maiz-waxy-02&#8243; align=&#8221;center&#8221; _builder_version=&#8221;4.21.0&#8243; _dynamic_attributes=&#8221;src&#8221; _module_preset=&#8221;default&#8221; width=&#8221;55%&#8221; width_tablet=&#8221;55%&#8221; width_phone=&#8221;55%&#8221; width_last_edited=&#8221;on|phone&#8221; custom_margin=&#8221;-200px||-150px||false|false&#8221; custom_margin_tablet=&#8221;-50px||-175px||false|false&#8221; custom_margin_phone=&#8221;100px||-200px||false|false&#8221; custom_margin_last_edited=&#8221;on|phone&#8221; border_radii=&#8221;on|50%|50%|50%|50%&#8221; global_colors_info=&#8221;{}&#8221;][\/et_pb_image][\/et_pb_column][\/et_pb_row][\/et_pb_section][et_pb_section fb_built=&#8221;1&#8243; _builder_version=&#8221;4.21.0&#8243; _module_preset=&#8221;default&#8221; custom_padding=&#8221;80px||60px||false|false&#8221; global_colors_info=&#8221;{}&#8221;][et_pb_row _builder_version=&#8221;4.21.0&#8243; _module_preset=&#8221;default&#8221; custom_padding=&#8221;||0px||false|false&#8221; global_colors_info=&#8221;{}&#8221;][et_pb_column type=&#8221;4_4&#8243; _builder_version=&#8221;4.21.0&#8243; _module_preset=&#8221;default&#8221; global_colors_info=&#8221;{}&#8221;][et_pb_text disabled_on=&#8221;off|off|off&#8221; _builder_version=&#8221;4.21.0&#8243; _module_preset=&#8221;default&#8221; header_text_color=&#8221;#886E31&#8243; text_orientation=&#8221;center&#8221; global_colors_info=&#8221;{}&#8221;]<\/p>\n<h1>Sesame Seeds<\/h1>\n<p>[\/et_pb_text][et_pb_text _builder_version=&#8221;4.21.0&#8243; _module_preset=&#8221;default&#8221; global_colors_info=&#8221;{}&#8221;]Enter the world of sesame with our tasty, crunchy seeds that will take your dishes to the highest level. Sesame seeds are rich in good fats, antioxidants and essential minerals such as calcium, iron and zinc, which makes them a veritable nutritional treasure. In addition, their consumption is related to the control of diabetes. Discover the excellent quality of our sesame seeds and add a healthy, distinctive touch to your meals. [\/et_pb_text][\/et_pb_column][\/et_pb_row][\/et_pb_section][et_pb_section fb_built=&#8221;1&#8243; _builder_version=&#8221;4.21.0&#8243; _module_preset=&#8221;default&#8221; custom_padding=&#8221;0px||0px||false|false&#8221; global_colors_info=&#8221;{}&#8221;][et_pb_row column_structure=&#8221;1_6,1_6,1_6,1_6,1_6,1_6&#8243; use_custom_gutter=&#8221;on&#8221; gutter_width=&#8221;2&#8243; make_equal=&#8221;on&#8221; _builder_version=&#8221;4.21.0&#8243; _module_preset=&#8221;default&#8221; max_width=&#8221;80%&#8221; global_colors_info=&#8221;{}&#8221;][et_pb_column type=&#8221;1_6&#8243; _builder_version=&#8221;4.21.0&#8243; _module_preset=&#8221;default&#8221; global_colors_info=&#8221;{}&#8221;][\/et_pb_column][et_pb_column type=&#8221;1_6&#8243; _builder_version=&#8221;4.21.0&#8243; _module_preset=&#8221;default&#8221; global_colors_info=&#8221;{}&#8221;][\/et_pb_column][et_pb_column type=&#8221;1_6&#8243; _builder_version=&#8221;4.21.0&#8243; _module_preset=&#8221;default&#8221; global_colors_info=&#8221;{}&#8221;][et_pb_image src=&#8221;https:\/\/granosysemillasdelsur.com\/wp-content\/uploads\/2023\/07\/sesamo-natural-tipo-02.jpg&#8221; title_text=&#8221;sesamo-natural-tipo-02&#8243; show_bottom_space=&#8221;off&#8221; _builder_version=&#8221;4.21.0&#8243; _module_preset=&#8221;default&#8221; filter_saturate=&#8221;85%&#8221; hover_enabled=&#8221;0&#8243; border_radii=&#8221;on|10px|10px|10px|10px&#8221; global_colors_info=&#8221;{}&#8221; border_radii__hover=&#8221;on|25px|25px|25px|25px&#8221; border_radii__hover_enabled=&#8221;on|hover&#8221; transform_styles__hover_enabled=&#8221;on|hover&#8221; filter_saturate__hover=&#8221;100%&#8221; filter_saturate__hover_enabled=&#8221;on|hover&#8221; transform_scale__hover=&#8221;110%|110%&#8221; transform_scale__hover_enabled=&#8221;on|hover&#8221; transform_translate__hover_enabled=&#8221;on|hover&#8221; transform_rotate__hover_enabled=&#8221;on|hover&#8221; transform_skew__hover_enabled=&#8221;on|hover&#8221; transform_origin__hover_enabled=&#8221;on|hover&#8221; sticky_enabled=&#8221;0&#8243;][\/et_pb_image][et_pb_text _builder_version=&#8221;4.21.0&#8243; _module_preset=&#8221;default&#8221; text_text_color=&#8221;#886E31&#8243; background_color=&#8221;#E8E0C3&#8243; text_orientation=&#8221;center&#8221; custom_margin=&#8221;-15px|20px||20px|false|true&#8221; custom_padding=&#8221;15px||5px||false|false&#8221; border_radii=&#8221;on|10px|10px|10px|10px&#8221; box_shadow_style=&#8221;preset1&#8243; box_shadow_blur=&#8221;12px&#8221; global_colors_info=&#8221;{}&#8221;]<\/p>\n<h4>Natural<\/h4>\n<p>[\/et_pb_text][\/et_pb_column][et_pb_column type=&#8221;1_6&#8243; _builder_version=&#8221;4.21.0&#8243; _module_preset=&#8221;default&#8221; global_colors_info=&#8221;{}&#8221;][et_pb_image src=&#8221;https:\/\/granosysemillasdelsur.com\/wp-content\/uploads\/2023\/07\/sesamo-pelado-tipo-02.jpg&#8221; title_text=&#8221;sesamo-pelado-tipo-02&#8243; show_bottom_space=&#8221;off&#8221; _builder_version=&#8221;4.21.0&#8243; _module_preset=&#8221;default&#8221; filter_saturate=&#8221;85%&#8221; hover_enabled=&#8221;0&#8243; border_radii=&#8221;on|10px|10px|10px|10px&#8221; global_colors_info=&#8221;{}&#8221; border_radii__hover=&#8221;on|25px|25px|25px|25px&#8221; border_radii__hover_enabled=&#8221;on|hover&#8221; transform_styles__hover_enabled=&#8221;on|hover&#8221; filter_saturate__hover=&#8221;100%&#8221; filter_saturate__hover_enabled=&#8221;on|hover&#8221; transform_scale__hover=&#8221;110%|110%&#8221; transform_scale__hover_enabled=&#8221;on|hover&#8221; transform_translate__hover_enabled=&#8221;on|hover&#8221; transform_rotate__hover_enabled=&#8221;on|hover&#8221; transform_skew__hover_enabled=&#8221;on|hover&#8221; transform_origin__hover_enabled=&#8221;on|hover&#8221; sticky_enabled=&#8221;0&#8243;][\/et_pb_image][et_pb_text _builder_version=&#8221;4.21.0&#8243; _module_preset=&#8221;default&#8221; text_text_color=&#8221;#886E31&#8243; background_color=&#8221;#E8E0C3&#8243; text_orientation=&#8221;center&#8221; custom_margin=&#8221;-15px|20px||20px|false|true&#8221; custom_padding=&#8221;15px||5px||false|false&#8221; border_radii=&#8221;on|10px|10px|10px|10px&#8221; box_shadow_style=&#8221;preset1&#8243; box_shadow_blur=&#8221;12px&#8221; global_colors_info=&#8221;{}&#8221;]<\/p>\n<h4>Unhulled<\/h4>\n<p>[\/et_pb_text][\/et_pb_column][et_pb_column type=&#8221;1_6&#8243; _builder_version=&#8221;4.21.0&#8243; _module_preset=&#8221;default&#8221; global_colors_info=&#8221;{}&#8221;][\/et_pb_column][et_pb_column type=&#8221;1_6&#8243; _builder_version=&#8221;4.21.0&#8243; _module_preset=&#8221;default&#8221; global_colors_info=&#8221;{}&#8221;][\/et_pb_column][\/et_pb_row][\/et_pb_section][et_pb_section fb_built=&#8221;1&#8243; _builder_version=&#8221;4.21.0&#8243; _module_preset=&#8221;default&#8221; custom_padding=&#8221;20px||20px||true|false&#8221; global_module=&#8221;332&#8243; saved_tabs=&#8221;all&#8221; global_colors_info=&#8221;{}&#8221;][et_pb_row _builder_version=&#8221;4.21.0&#8243; _module_preset=&#8221;default&#8221; global_colors_info=&#8221;{}&#8221;][et_pb_column type=&#8221;4_4&#8243; _builder_version=&#8221;4.21.0&#8243; _module_preset=&#8221;default&#8221; global_colors_info=&#8221;{}&#8221;][et_pb_text _builder_version=&#8221;4.21.0&#8243; _module_preset=&#8221;default&#8221; header_text_color=&#8221;#886E31&#8243; header_2_text_color=&#8221;#886E31&#8243; text_orientation=&#8221;center&#8221; global_colors_info=&#8221;{}&#8221;]<\/p>\n<h2>Flexibility in packaging formats<\/h2>\n<p>[\/et_pb_text][\/et_pb_column][\/et_pb_row][et_pb_row column_structure=&#8221;1_3,1_3,1_3&#8243; _builder_version=&#8221;4.21.0&#8243; _module_preset=&#8221;default&#8221; custom_margin=&#8221;||||false|false&#8221; custom_padding=&#8221;0px||||false|false&#8221; global_colors_info=&#8221;{}&#8221;][et_pb_column type=&#8221;1_3&#8243; _builder_version=&#8221;4.21.0&#8243; _module_preset=&#8221;default&#8221; global_colors_info=&#8221;{}&#8221;][et_pb_image src=&#8221;https:\/\/granosysemillasdelsur.com\/wp-content\/uploads\/2023\/07\/img-big-bag.jpg&#8221; title_text=&#8221;img-big-bag&#8221; show_bottom_space=&#8221;off&#8221; _builder_version=&#8221;4.21.0&#8243; _module_preset=&#8221;default&#8221; global_colors_info=&#8221;{}&#8221; transform_styles__hover_enabled=&#8221;on|hover&#8221; transform_scale__hover_enabled=&#8221;on|hover&#8221; transform_translate__hover_enabled=&#8221;on|desktop&#8221; transform_rotate__hover_enabled=&#8221;on|desktop&#8221; transform_skew__hover_enabled=&#8221;on|desktop&#8221; transform_origin__hover_enabled=&#8221;on|desktop&#8221; transform_scale__hover=&#8221;110%|110%&#8221;][\/et_pb_image][et_pb_text _builder_version=&#8221;4.21.0&#8243; _module_preset=&#8221;default&#8221; header_4_font=&#8221;Nunito Sans|600|||||||&#8221; header_4_text_color=&#8221;#886E31&#8243; background_color=&#8221;#E8E0C3&#8243; text_orientation=&#8221;center&#8221; custom_margin=&#8221;|40px||40px|false|true&#8221; custom_padding=&#8221;10px||||false|false&#8221; border_radii=&#8221;on|10px|10px|10px|10px&#8221; global_colors_info=&#8221;{}&#8221;]<\/p>\n<h4>Big bag containing 1.000 kg<\/h4>\n<p>[\/et_pb_text][\/et_pb_column][et_pb_column type=&#8221;1_3&#8243; _builder_version=&#8221;4.21.0&#8243; _module_preset=&#8221;default&#8221; global_colors_info=&#8221;{}&#8221;][et_pb_image src=&#8221;https:\/\/granosysemillasdelsur.com\/wp-content\/uploads\/2023\/07\/img-saco.jpg&#8221; title_text=&#8221;img-saco&#8221; show_bottom_space=&#8221;off&#8221; _builder_version=&#8221;4.21.0&#8243; _module_preset=&#8221;default&#8221; global_colors_info=&#8221;{}&#8221; transform_styles__hover_enabled=&#8221;on|hover&#8221; transform_scale__hover=&#8221;110%|110%&#8221; transform_scale__hover_enabled=&#8221;on|hover&#8221; transform_translate__hover_enabled=&#8221;on|desktop&#8221; transform_rotate__hover_enabled=&#8221;on|desktop&#8221; transform_skew__hover_enabled=&#8221;on|desktop&#8221; transform_origin__hover_enabled=&#8221;on|desktop&#8221;][\/et_pb_image][et_pb_text _builder_version=&#8221;4.21.0&#8243; _module_preset=&#8221;default&#8221; header_4_font=&#8221;Nunito Sans|600|||||||&#8221; header_4_text_color=&#8221;#886E31&#8243; background_color=&#8221;#E8E0C3&#8243; text_orientation=&#8221;center&#8221; custom_margin=&#8221;|40px||40px|false|true&#8221; custom_padding=&#8221;10px||||false|false&#8221; border_radii=&#8221;on|10px|10px|10px|10px&#8221; global_colors_info=&#8221;{}&#8221;]<\/p>\n<h4>5 kg, 10 kg or 25 kg bags<\/h4>\n<p>[\/et_pb_text][\/et_pb_column][et_pb_column type=&#8221;1_3&#8243; _builder_version=&#8221;4.21.0&#8243; _module_preset=&#8221;default&#8221; global_colors_info=&#8221;{}&#8221;][et_pb_image src=&#8221;https:\/\/granosysemillasdelsur.com\/wp-content\/uploads\/2023\/07\/img-bolsa-2.jpg&#8221; title_text=&#8221;img-bolsa-2&#8243; show_bottom_space=&#8221;off&#8221; _builder_version=&#8221;4.21.0&#8243; _module_preset=&#8221;default&#8221; global_colors_info=&#8221;{}&#8221; transform_styles__hover_enabled=&#8221;on|hover&#8221; transform_scale__hover=&#8221;110%|110%&#8221; transform_scale__hover_enabled=&#8221;on|hover&#8221; transform_translate__hover_enabled=&#8221;on|desktop&#8221; transform_rotate__hover_enabled=&#8221;on|desktop&#8221; transform_skew__hover_enabled=&#8221;on|desktop&#8221; transform_origin__hover_enabled=&#8221;on|desktop&#8221;][\/et_pb_image][et_pb_text _builder_version=&#8221;4.21.0&#8243; _module_preset=&#8221;default&#8221; header_4_font=&#8221;Nunito Sans|600|||||||&#8221; header_4_text_color=&#8221;#886E31&#8243; header_4_line_height=&#8221;1.3em&#8221; background_color=&#8221;#E8E0C3&#8243; text_orientation=&#8221;center&#8221; custom_margin=&#8221;|25px||25px|false|true&#8221; custom_padding=&#8221;10px|25px||25px|false|true&#8221; border_radii=&#8221;on|10px|10px|10px|10px&#8221; global_colors_info=&#8221;{}&#8221;]<\/p>\n<h4>Private label packaging from 250 g to 3 kg<\/h4>\n<p>[\/et_pb_text][\/et_pb_column][\/et_pb_row][\/et_pb_section]<\/p>\n","protected":false},"excerpt":{"rendered":"<p>Sesame SeedsEnter the world of sesame with our tasty, crunchy seeds that will take your dishes to the highest level. Sesame seeds are rich in good fats, antioxidants and essential minerals such as calcium, iron and zinc, which makes them a veritable nutritional treasure. In addition, their consumption is related to the control of diabetes. [&hellip;]<\/p>\n","protected":false},"author":1,"featured_media":698,"parent":794,"menu_order":0,"comment_status":"closed","ping_status":"closed","template":"","meta":{"_et_pb_use_builder":"on","_et_pb_old_content":"","_et_gb_content_width":"","footnotes":""},"class_list":["post-842","page","type-page","status-publish","has-post-thumbnail","hentry"],"yoast_head":"<!-- This site is optimized with the Yoast SEO plugin v21.1 - https:\/\/yoast.com\/wordpress\/plugins\/seo\/ -->\n<title>Sesame Seeds - Granos y Semillas del Sur<\/title>\n<meta name=\"robots\" content=\"index, follow, max-snippet:-1, max-image-preview:large, max-video-preview:-1\" \/>\n<link rel=\"canonical\" href=\"https:\/\/granosysemillasdelsur.com\/en\/products\/sesame\/\" \/>\n<meta property=\"og:locale\" content=\"en_US\" \/>\n<meta property=\"og:type\" content=\"article\" \/>\n<meta property=\"og:title\" content=\"Sesame Seeds - Granos y Semillas del Sur\" \/>\n<meta property=\"og:description\" content=\"Sesame SeedsEnter the world of sesame with our tasty, crunchy seeds that will take your dishes to the highest level. Sesame seeds are rich in good fats, antioxidants and essential minerals such as calcium, iron and zinc, which makes them a veritable nutritional treasure. In addition, their consumption is related to the control of diabetes. [&hellip;]\" \/>\n<meta property=\"og:url\" content=\"https:\/\/granosysemillasdelsur.com\/en\/products\/sesame\/\" \/>\n<meta property=\"og:site_name\" content=\"Granos y Semillas del Sur\" \/>\n<meta property=\"article:modified_time\" content=\"2023-09-07T14:36:57+00:00\" \/>\n<meta property=\"og:image\" content=\"https:\/\/granosysemillasdelsur.com\/wp-content\/uploads\/2023\/07\/sqr-productos-sesamo-02.jpg\" \/>\n\t<meta property=\"og:image:width\" content=\"1080\" \/>\n\t<meta property=\"og:image:height\" content=\"1080\" \/>\n\t<meta property=\"og:image:type\" content=\"image\/jpeg\" \/>\n<meta name=\"twitter:card\" content=\"summary_large_image\" \/>\n<meta name=\"twitter:label1\" content=\"Est. reading time\" \/>\n\t<meta name=\"twitter:data1\" content=\"7 minutes\" \/>\n<script type=\"application\/ld+json\" class=\"yoast-schema-graph\">{\"@context\":\"https:\/\/schema.org\",\"@graph\":[{\"@type\":\"WebPage\",\"@id\":\"https:\/\/granosysemillasdelsur.com\/en\/products\/sesame\/\",\"url\":\"https:\/\/granosysemillasdelsur.com\/en\/products\/sesame\/\",\"name\":\"Sesame Seeds - Granos y Semillas del Sur\",\"isPartOf\":{\"@id\":\"https:\/\/granosysemillasdelsur.com\/en\/#website\"},\"datePublished\":\"2023-07-07T10:33:40+00:00\",\"dateModified\":\"2023-09-07T14:36:57+00:00\",\"breadcrumb\":{\"@id\":\"https:\/\/granosysemillasdelsur.com\/en\/products\/sesame\/#breadcrumb\"},\"inLanguage\":\"en-US\",\"potentialAction\":[{\"@type\":\"ReadAction\",\"target\":[\"https:\/\/granosysemillasdelsur.com\/en\/products\/sesame\/\"]}]},{\"@type\":\"BreadcrumbList\",\"@id\":\"https:\/\/granosysemillasdelsur.com\/en\/products\/sesame\/#breadcrumb\",\"itemListElement\":[{\"@type\":\"ListItem\",\"position\":1,\"name\":\"Portada\",\"item\":\"https:\/\/granosysemillasdelsur.com\/en\/home\/\"},{\"@type\":\"ListItem\",\"position\":2,\"name\":\"Products\",\"item\":\"https:\/\/granosysemillasdelsur.com\/en\/products\/\"},{\"@type\":\"ListItem\",\"position\":3,\"name\":\"Sesame Seeds\"}]},{\"@type\":\"WebSite\",\"@id\":\"https:\/\/granosysemillasdelsur.com\/en\/#website\",\"url\":\"https:\/\/granosysemillasdelsur.com\/en\/\",\"name\":\"Granos y Semillas del Sur\",\"description\":\"Granos y Semillas del Sur es una entidad 100% espa\u00f1ola dedicada al cultivo, procesado y comercializaci\u00f3n de una amplia variedad de productos con alto valor biol\u00f3gico.\",\"publisher\":{\"@id\":\"https:\/\/granosysemillasdelsur.com\/en\/#organization\"},\"alternateName\":\"Granos y Semillas del Sur S.L.U.\",\"potentialAction\":[{\"@type\":\"SearchAction\",\"target\":{\"@type\":\"EntryPoint\",\"urlTemplate\":\"https:\/\/granosysemillasdelsur.com\/en\/?s={search_term_string}\"},\"query-input\":\"required name=search_term_string\"}],\"inLanguage\":\"en-US\"},{\"@type\":\"Organization\",\"@id\":\"https:\/\/granosysemillasdelsur.com\/en\/#organization\",\"name\":\"Granos y Semillas del Sur, S.L.U.\",\"url\":\"https:\/\/granosysemillasdelsur.com\/en\/\",\"logo\":{\"@type\":\"ImageObject\",\"inLanguage\":\"en-US\",\"@id\":\"https:\/\/granosysemillasdelsur.com\/en\/#\/schema\/logo\/image\/\",\"url\":\"https:\/\/granosysemillasdelsur.com\/wp-content\/uploads\/2023\/07\/logo-horizontal-granosysemillasdelsur.png\",\"contentUrl\":\"https:\/\/granosysemillasdelsur.com\/wp-content\/uploads\/2023\/07\/logo-horizontal-granosysemillasdelsur.png\",\"width\":800,\"height\":320,\"caption\":\"Granos y Semillas del Sur, S.L.U.\"},\"image\":{\"@id\":\"https:\/\/granosysemillasdelsur.com\/en\/#\/schema\/logo\/image\/\"}}]}<\/script>\n<!-- \/ Yoast SEO plugin. -->","yoast_head_json":{"title":"Sesame Seeds - Granos y Semillas del Sur","robots":{"index":"index","follow":"follow","max-snippet":"max-snippet:-1","max-image-preview":"max-image-preview:large","max-video-preview":"max-video-preview:-1"},"canonical":"https:\/\/granosysemillasdelsur.com\/en\/products\/sesame\/","og_locale":"en_US","og_type":"article","og_title":"Sesame Seeds - Granos y Semillas del Sur","og_description":"Sesame SeedsEnter the world of sesame with our tasty, crunchy seeds that will take your dishes to the highest level. Sesame seeds are rich in good fats, antioxidants and essential minerals such as calcium, iron and zinc, which makes them a veritable nutritional treasure. In addition, their consumption is related to the control of diabetes. [&hellip;]","og_url":"https:\/\/granosysemillasdelsur.com\/en\/products\/sesame\/","og_site_name":"Granos y Semillas del Sur","article_modified_time":"2023-09-07T14:36:57+00:00","og_image":[{"width":1080,"height":1080,"url":"https:\/\/granosysemillasdelsur.com\/wp-content\/uploads\/2023\/07\/sqr-productos-sesamo-02.jpg","type":"image\/jpeg"}],"twitter_card":"summary_large_image","twitter_misc":{"Est. reading time":"7 minutes"},"schema":{"@context":"https:\/\/schema.org","@graph":[{"@type":"WebPage","@id":"https:\/\/granosysemillasdelsur.com\/en\/products\/sesame\/","url":"https:\/\/granosysemillasdelsur.com\/en\/products\/sesame\/","name":"Sesame Seeds - Granos y Semillas del Sur","isPartOf":{"@id":"https:\/\/granosysemillasdelsur.com\/en\/#website"},"datePublished":"2023-07-07T10:33:40+00:00","dateModified":"2023-09-07T14:36:57+00:00","breadcrumb":{"@id":"https:\/\/granosysemillasdelsur.com\/en\/products\/sesame\/#breadcrumb"},"inLanguage":"en-US","potentialAction":[{"@type":"ReadAction","target":["https:\/\/granosysemillasdelsur.com\/en\/products\/sesame\/"]}]},{"@type":"BreadcrumbList","@id":"https:\/\/granosysemillasdelsur.com\/en\/products\/sesame\/#breadcrumb","itemListElement":[{"@type":"ListItem","position":1,"name":"Portada","item":"https:\/\/granosysemillasdelsur.com\/en\/home\/"},{"@type":"ListItem","position":2,"name":"Products","item":"https:\/\/granosysemillasdelsur.com\/en\/products\/"},{"@type":"ListItem","position":3,"name":"Sesame Seeds"}]},{"@type":"WebSite","@id":"https:\/\/granosysemillasdelsur.com\/en\/#website","url":"https:\/\/granosysemillasdelsur.com\/en\/","name":"Granos y Semillas del Sur","description":"Granos y Semillas del Sur es una entidad 100% espa\u00f1ola dedicada al cultivo, procesado y comercializaci\u00f3n de una amplia variedad de productos con alto valor biol\u00f3gico.","publisher":{"@id":"https:\/\/granosysemillasdelsur.com\/en\/#organization"},"alternateName":"Granos y Semillas del Sur S.L.U.","potentialAction":[{"@type":"SearchAction","target":{"@type":"EntryPoint","urlTemplate":"https:\/\/granosysemillasdelsur.com\/en\/?s={search_term_string}"},"query-input":"required name=search_term_string"}],"inLanguage":"en-US"},{"@type":"Organization","@id":"https:\/\/granosysemillasdelsur.com\/en\/#organization","name":"Granos y Semillas del Sur, S.L.U.","url":"https:\/\/granosysemillasdelsur.com\/en\/","logo":{"@type":"ImageObject","inLanguage":"en-US","@id":"https:\/\/granosysemillasdelsur.com\/en\/#\/schema\/logo\/image\/","url":"https:\/\/granosysemillasdelsur.com\/wp-content\/uploads\/2023\/07\/logo-horizontal-granosysemillasdelsur.png","contentUrl":"https:\/\/granosysemillasdelsur.com\/wp-content\/uploads\/2023\/07\/logo-horizontal-granosysemillasdelsur.png","width":800,"height":320,"caption":"Granos y Semillas del Sur, S.L.U."},"image":{"@id":"https:\/\/granosysemillasdelsur.com\/en\/#\/schema\/logo\/image\/"}}]}},"_links":{"self":[{"href":"https:\/\/granosysemillasdelsur.com\/en\/wp-json\/wp\/v2\/pages\/842","targetHints":{"allow":["GET"]}}],"collection":[{"href":"https:\/\/granosysemillasdelsur.com\/en\/wp-json\/wp\/v2\/pages"}],"about":[{"href":"https:\/\/granosysemillasdelsur.com\/en\/wp-json\/wp\/v2\/types\/page"}],"author":[{"embeddable":true,"href":"https:\/\/granosysemillasdelsur.com\/en\/wp-json\/wp\/v2\/users\/1"}],"replies":[{"embeddable":true,"href":"https:\/\/granosysemillasdelsur.com\/en\/wp-json\/wp\/v2\/comments?post=842"}],"version-history":[{"count":14,"href":"https:\/\/granosysemillasdelsur.com\/en\/wp-json\/wp\/v2\/pages\/842\/revisions"}],"predecessor-version":[{"id":1000,"href":"https:\/\/granosysemillasdelsur.com\/en\/wp-json\/wp\/v2\/pages\/842\/revisions\/1000"}],"up":[{"embeddable":true,"href":"https:\/\/granosysemillasdelsur.com\/en\/wp-json\/wp\/v2\/pages\/794"}],"wp:featuredmedia":[{"embeddable":true,"href":"https:\/\/granosysemillasdelsur.com\/en\/wp-json\/wp\/v2\/media\/698"}],"wp:attachment":[{"href":"https:\/\/granosysemillasdelsur.com\/en\/wp-json\/wp\/v2\/media?parent=842"}],"curies":[{"name":"wp","href":"https:\/\/api.w.org\/{rel}","templated":true}]}}