{"id":797,"date":"2023-07-04T15:32:15","date_gmt":"2023-07-04T15:32:15","guid":{"rendered":"https:\/\/granosysemillasdelsur.com\/contact\/"},"modified":"2023-09-07T14:26:28","modified_gmt":"2023-09-07T14:26:28","slug":"contact","status":"publish","type":"page","link":"https:\/\/granosysemillasdelsur.com\/en\/contact\/","title":{"rendered":"Contact"},"content":{"rendered":"<p>[et_pb_section fb_built=&#8221;1&#8243; _builder_version=&#8221;4.21.0&#8243; _module_preset=&#8221;default&#8221; background_color=&#8221;RGBA(255,255,255,0)&#8221; positioning=&#8221;absolute&#8221; position_origin_a=&#8221;top_center&#8221; custom_padding=&#8221;0px||0px||false|false&#8221; border_color_all=&#8221;rgba(255,255,255,0.4)&#8221; border_width_bottom=&#8221;1px&#8221; border_color_bottom=&#8221;rgba(255,255,255,0.35)&#8221; global_colors_info=&#8221;{}&#8221;][et_pb_row _builder_version=&#8221;4.21.0&#8243; _module_preset=&#8221;default&#8221; width=&#8221;90%&#8221; width_tablet=&#8221;95%&#8221; width_phone=&#8221;95%&#8221; width_last_edited=&#8221;on|tablet&#8221; max_width=&#8221;100%&#8221; custom_padding=&#8221;20px||20px||true|false&#8221; global_colors_info=&#8221;{}&#8221;][et_pb_column type=&#8221;4_4&#8243; _builder_version=&#8221;4.21.0&#8243; _module_preset=&#8221;default&#8221; global_colors_info=&#8221;{}&#8221;][et_pb_divimenus_flex hide_button=&#8221;on&#8221; alignment=&#8221;right&#8221; cross_axis_alignment=&#8221;flex-start&#8221; menu_button_background_color=&#8221;#cbb54c&#8221; menu_item_background_color=&#8221;RGBA(255,255,255,0)&#8221; logo=&#8221;https:\/\/granosysemillasdelsur.com\/wp-content\/uploads\/2023\/07\/logo-horizontal-blanco-granosysemillasdelsur.png&#8221; logo_url=&#8221;@ET-DC@eyJkeW5hbWljIjp0cnVlLCJjb250ZW50IjoiaG9tZV91cmwiLCJzZXR0aW5ncyI6e319@&#8221; logo_ca_alignment=&#8221;center&#8221; logo_width=&#8221;200px&#8221; menu_button_margin=&#8221;||||false|false&#8221; hover_click=&#8221;click&#8221; show_open_tablet=&#8221;off&#8221; show_open_phone=&#8221;off&#8221; show_open_last_edited=&#8221;on|phone&#8221; hide_button_tablet=&#8221;off&#8221; hide_button_phone=&#8221;off&#8221; hide_button_last_edited=&#8221;on|phone&#8221; menu_button_margin_tablet=&#8221;|55px|||false|false&#8221; menu_button_margin_phone=&#8221;|50px|||false|false&#8221; menu_button_margin_last_edited=&#8221;on|phone&#8221; _builder_version=&#8221;4.21.0&#8243; _dynamic_attributes=&#8221;logo_url&#8221; _module_preset=&#8221;default&#8221; menu_item_text_color=&#8221;#FFFFFF&#8221; background_color=&#8221;RGBA(255,255,255,0)&#8221; custom_margin_tablet=&#8221;&#8221; custom_margin_phone=&#8221;||||false|false&#8221; custom_margin_last_edited=&#8221;on|phone&#8221; border_radii_menu_button=&#8221;on|36px|36px|36px|36px&#8221; border_radii_menu_item=&#8221;on|10px|10px|10px|10px&#8221; global_colors_info=&#8221;{}&#8221;][et_pb_divimenus_flex_item title=&#8221;Company&#8221; url=&#8221;@ET-DC@eyJkeW5hbWljIjp0cnVlLCJjb250ZW50IjoicG9zdF9saW5rX3VybF9wYWdlIiwic2V0dGluZ3MiOnsicG9zdF9pZCI6IjY0In19@&#8221; _builder_version=&#8221;4.21.0&#8243; _dynamic_attributes=&#8221;url&#8221; _module_preset=&#8221;default&#8221; item_text_color=&#8221;#FFFFFF&#8221; global_colors_info=&#8221;{}&#8221; item_text_color__hover_enabled=&#8221;on|hover&#8221; item_text_color__hover=&#8221;#E8E0C3&#8243; direction=&#8221;row&#8221; force_fullwidth=&#8221;off&#8221;][\/et_pb_divimenus_flex_item][et_pb_divimenus_flex_item title=&#8221;Products&#8221; url=&#8221;@ET-DC@eyJkeW5hbWljIjp0cnVlLCJjb250ZW50IjoicG9zdF9saW5rX3VybF9wYWdlIiwic2V0dGluZ3MiOnsicG9zdF9pZCI6IjY2In19@&#8221; link_type=&#8221;sub&#8221; sub_layout=&#8221;267&#8243; sub_width=&#8221;500px&#8221; sub_arrow=&#8221;on&#8221; _builder_version=&#8221;4.21.0&#8243; _dynamic_attributes=&#8221;url&#8221; _module_preset=&#8221;default&#8221; global_colors_info=&#8221;{}&#8221; item_text_color__hover_enabled=&#8221;on|hover&#8221; item_text_color__hover=&#8221;#E8E0C3&#8243; direction=&#8221;row&#8221; force_fullwidth=&#8221;off&#8221;][\/et_pb_divimenus_flex_item][et_pb_divimenus_flex_item title=&#8221;Contact&#8221; url=&#8221;@ET-DC@eyJkeW5hbWljIjp0cnVlLCJjb250ZW50IjoicG9zdF9saW5rX3VybF9wYWdlIiwic2V0dGluZ3MiOnsicG9zdF9pZCI6IjY4In19@&#8221; _builder_version=&#8221;4.21.0&#8243; _dynamic_attributes=&#8221;url&#8221; _module_preset=&#8221;default&#8221; item_font=&#8221;||||||||&#8221; item_text_color=&#8221;#FFFFFF&#8221; background_enable_color=&#8221;off&#8221; custom_margin=&#8221;||||false|false&#8221; custom_padding=&#8221;|24px||24px|false|true&#8221; global_colors_info=&#8221;{}&#8221; background__hover_enabled=&#8221;off|desktop&#8221; background_color__hover=&#8221;rgba(232,224,195,0.85)&#8221; background_enable_color__hover=&#8221;on&#8221; direction=&#8221;row&#8221; force_fullwidth=&#8221;off&#8221;][\/et_pb_divimenus_flex_item][et_pb_divimenus_flex_item title=&#8221;Search&#8221; menu_item_content=&#8221;icon&#8221; item_font_icon=&#8221;&#x55;||divi||400&#8243; item_icon_color=&#8221;#FFFFFF&#8221; item_icon_font_size=&#8221;20px&#8221; visible_on=&#8221;on|on|off&#8221; link_type=&#8221;popup&#8221; divi_layout=&#8221;82&#8243; popup_alignment=&#8221;top_left&#8221; popup_max_width=&#8221;100%&#8221; popup_limit=&#8221;off&#8221; popup_max_height=&#8221;100%&#8221; hover_click=&#8221;click&#8221; _builder_version=&#8221;4.21.0&#8243; _module_preset=&#8221;default&#8221; position_origin_a_tablet=&#8221;center_right&#8221; position_origin_a_phone=&#8221;center_right&#8221; position_origin_a_last_edited=&#8221;on|desktop&#8221; position_origin_f_tablet=&#8221;&#8221; position_origin_f_phone=&#8221;&#8221; position_origin_f_last_edited=&#8221;on|phone&#8221; position_origin_r_tablet=&#8221;&#8221; position_origin_r_phone=&#8221;&#8221; position_origin_r_last_edited=&#8221;on|phone&#8221; positioning_tablet=&#8221;absolute&#8221; positioning_phone=&#8221;absolute&#8221; positioning_last_edited=&#8221;on|tablet&#8221; global_colors_info=&#8221;{}&#8221; item_icon_color__hover_enabled=&#8221;on|hover&#8221; item_icon_color__hover=&#8221;#e8e0c3&#8243; direction=&#8221;row&#8221; force_fullwidth=&#8221;off&#8221;][\/et_pb_divimenus_flex_item][\/et_pb_divimenus_flex][\/et_pb_column][\/et_pb_row][\/et_pb_section][et_pb_section fb_built=&#8221;1&#8243; fullwidth=&#8221;on&#8221; _builder_version=&#8221;4.21.0&#8243; _module_preset=&#8221;default&#8221; background_color=&#8221;#CBB54C&#8221; custom_padding=&#8221;||||false|false&#8221; global_colors_info=&#8221;{}&#8221;][et_pb_fullwidth_slider _builder_version=&#8221;4.21.0&#8243; _module_preset=&#8221;default&#8221; background_color=&#8221;#CBB54C&#8221; background_enable_image=&#8221;off&#8221; custom_padding=&#8221;200px||80px||false|false&#8221; header_font_size_tablet=&#8221;48px&#8221; header_font_size_phone=&#8221;48px&#8221; header_font_size_last_edited=&#8221;on|phone&#8221; global_colors_info=&#8221;{}&#8221;][et_pb_slide heading=&#8221;Please send us any queries or suggestions you may have!&#8221; use_bg_overlay=&#8221;off&#8221; _builder_version=&#8221;4.21.0&#8243; _module_preset=&#8221;default&#8221; header_level=&#8221;h2&#8243; header_text_color=&#8221;#FFFFFF&#8221; background_color=&#8221;#CBB54C&#8221; background_enable_color=&#8221;on&#8221; use_background_color_gradient=&#8221;on&#8221; background_color_gradient_stops=&#8221;#886e31 0%|#cbb54c 82%&#8221; background_enable_image=&#8221;off&#8221; custom_padding=&#8221;||||false|false&#8221; global_colors_info=&#8221;{}&#8221; sticky_transition=&#8221;on&#8221;][\/et_pb_slide][\/et_pb_fullwidth_slider][\/et_pb_section][et_pb_section fb_built=&#8221;1&#8243; prev_background_color=&#8221;#CBB54C&#8221; _builder_version=&#8221;4.21.0&#8243; _module_preset=&#8221;default&#8221; custom_padding=&#8221;100px||||false|false&#8221; top_divider_style=&#8221;triangle&#8221; top_divider_height=&#8221;50px&#8221; top_divider_flip=&#8221;vertical&#8221; global_colors_info=&#8221;{}&#8221;][et_pb_row column_structure=&#8221;2_3,1_3&#8243; use_custom_gutter=&#8221;on&#8221; gutter_width=&#8221;2&#8243; make_equal=&#8221;on&#8221; _builder_version=&#8221;4.22.1&#8243; _module_preset=&#8221;default&#8221; custom_css_main_element=&#8221;align-items:\tcenter;&#8221; global_colors_info=&#8221;{}&#8221;][et_pb_column type=&#8221;2_3&#8243; _builder_version=&#8221;4.21.0&#8243; _module_preset=&#8221;default&#8221; global_colors_info=&#8221;{}&#8221;][et_pb_contact_form captcha=&#8221;off&#8221; email=&#8221;granosysemillas@algosur.com&#8221; _builder_version=&#8221;4.21.0&#8243; _module_preset=&#8221;default&#8221; _unique_id=&#8221;941aeff7-dbc6-4a33-8b19-3a5eee545a00&#8243; form_field_focus_background_color=&#8221;#FFFFFF&#8221; form_field_focus_text_color=&#8221;#886E31&#8243; global_colors_info=&#8221;{}&#8221;][et_pb_contact_field field_id=&#8221;Name&#8221; field_title=&#8221;Name&#8221; _builder_version=&#8221;4.21.0&#8243; border_width_all=&#8221;1px&#8221; border_color_all=&#8221;#CBB54C&#8221; global_colors_info=&#8221;{}&#8221; button_text_size__hover_enabled=&#8221;off&#8221; button_one_text_size__hover_enabled=&#8221;off&#8221; button_two_text_size__hover_enabled=&#8221;off&#8221; button_text_color__hover_enabled=&#8221;off&#8221; button_one_text_color__hover_enabled=&#8221;off&#8221; button_two_text_color__hover_enabled=&#8221;off&#8221; button_border_width__hover_enabled=&#8221;off&#8221; button_one_border_width__hover_enabled=&#8221;off&#8221; button_two_border_width__hover_enabled=&#8221;off&#8221; button_border_color__hover_enabled=&#8221;off&#8221; button_one_border_color__hover_enabled=&#8221;off&#8221; button_two_border_color__hover_enabled=&#8221;off&#8221; button_border_radius__hover_enabled=&#8221;off&#8221; button_one_border_radius__hover_enabled=&#8221;off&#8221; button_two_border_radius__hover_enabled=&#8221;off&#8221; button_letter_spacing__hover_enabled=&#8221;off&#8221; button_one_letter_spacing__hover_enabled=&#8221;off&#8221; button_two_letter_spacing__hover_enabled=&#8221;off&#8221; button_bg_color__hover_enabled=&#8221;off&#8221; button_one_bg_color__hover_enabled=&#8221;off&#8221; button_two_bg_color__hover_enabled=&#8221;off&#8221;][\/et_pb_contact_field][et_pb_contact_field field_id=&#8221;Email&#8221; field_title=&#8221;Email&#8221; field_type=&#8221;email&#8221; _builder_version=&#8221;4.16&#8243; border_width_all=&#8221;1px&#8221; border_color_all=&#8221;#CBB54C&#8221; global_colors_info=&#8221;{}&#8221; button_text_size__hover_enabled=&#8221;off&#8221; button_one_text_size__hover_enabled=&#8221;off&#8221; button_two_text_size__hover_enabled=&#8221;off&#8221; button_text_color__hover_enabled=&#8221;off&#8221; button_one_text_color__hover_enabled=&#8221;off&#8221; button_two_text_color__hover_enabled=&#8221;off&#8221; button_border_width__hover_enabled=&#8221;off&#8221; button_one_border_width__hover_enabled=&#8221;off&#8221; button_two_border_width__hover_enabled=&#8221;off&#8221; button_border_color__hover_enabled=&#8221;off&#8221; button_one_border_color__hover_enabled=&#8221;off&#8221; button_two_border_color__hover_enabled=&#8221;off&#8221; button_border_radius__hover_enabled=&#8221;off&#8221; button_one_border_radius__hover_enabled=&#8221;off&#8221; button_two_border_radius__hover_enabled=&#8221;off&#8221; button_letter_spacing__hover_enabled=&#8221;off&#8221; button_one_letter_spacing__hover_enabled=&#8221;off&#8221; button_two_letter_spacing__hover_enabled=&#8221;off&#8221; button_bg_color__hover_enabled=&#8221;off&#8221; button_one_bg_color__hover_enabled=&#8221;off&#8221; button_two_bg_color__hover_enabled=&#8221;off&#8221;][\/et_pb_contact_field][et_pb_contact_field field_id=&#8221;empresa&#8221; field_title=&#8221;Company&#8221; _builder_version=&#8221;4.21.0&#8243; border_width_all=&#8221;1px&#8221; border_color_all=&#8221;#CBB54C&#8221; global_colors_info=&#8221;{}&#8221; button_text_size__hover_enabled=&#8221;off&#8221; button_one_text_size__hover_enabled=&#8221;off&#8221; button_two_text_size__hover_enabled=&#8221;off&#8221; button_text_color__hover_enabled=&#8221;off&#8221; button_one_text_color__hover_enabled=&#8221;off&#8221; button_two_text_color__hover_enabled=&#8221;off&#8221; button_border_width__hover_enabled=&#8221;off&#8221; button_one_border_width__hover_enabled=&#8221;off&#8221; button_two_border_width__hover_enabled=&#8221;off&#8221; button_border_color__hover_enabled=&#8221;off&#8221; button_one_border_color__hover_enabled=&#8221;off&#8221; button_two_border_color__hover_enabled=&#8221;off&#8221; button_border_radius__hover_enabled=&#8221;off&#8221; button_one_border_radius__hover_enabled=&#8221;off&#8221; button_two_border_radius__hover_enabled=&#8221;off&#8221; button_letter_spacing__hover_enabled=&#8221;off&#8221; button_one_letter_spacing__hover_enabled=&#8221;off&#8221; button_two_letter_spacing__hover_enabled=&#8221;off&#8221; button_bg_color__hover_enabled=&#8221;off&#8221; button_one_bg_color__hover_enabled=&#8221;off&#8221; button_two_bg_color__hover_enabled=&#8221;off&#8221;][\/et_pb_contact_field][et_pb_contact_field field_id=&#8221;telefono&#8221; field_title=&#8221;Telephone&#8221; allowed_symbols=&#8221;numbers&#8221; _builder_version=&#8221;4.21.0&#8243; border_width_all=&#8221;1px&#8221; border_color_all=&#8221;#CBB54C&#8221; global_colors_info=&#8221;{}&#8221; button_text_size__hover_enabled=&#8221;off&#8221; button_one_text_size__hover_enabled=&#8221;off&#8221; button_two_text_size__hover_enabled=&#8221;off&#8221; button_text_color__hover_enabled=&#8221;off&#8221; button_one_text_color__hover_enabled=&#8221;off&#8221; button_two_text_color__hover_enabled=&#8221;off&#8221; button_border_width__hover_enabled=&#8221;off&#8221; button_one_border_width__hover_enabled=&#8221;off&#8221; button_two_border_width__hover_enabled=&#8221;off&#8221; button_border_color__hover_enabled=&#8221;off&#8221; button_one_border_color__hover_enabled=&#8221;off&#8221; button_two_border_color__hover_enabled=&#8221;off&#8221; button_border_radius__hover_enabled=&#8221;off&#8221; button_one_border_radius__hover_enabled=&#8221;off&#8221; button_two_border_radius__hover_enabled=&#8221;off&#8221; button_letter_spacing__hover_enabled=&#8221;off&#8221; button_one_letter_spacing__hover_enabled=&#8221;off&#8221; button_two_letter_spacing__hover_enabled=&#8221;off&#8221; button_bg_color__hover_enabled=&#8221;off&#8221; button_one_bg_color__hover_enabled=&#8221;off&#8221; button_two_bg_color__hover_enabled=&#8221;off&#8221;][\/et_pb_contact_field][et_pb_contact_field field_id=&#8221;Message&#8221; field_title=&#8221;Message&#8221; field_type=&#8221;text&#8221; fullwidth_field=&#8221;on&#8221; _builder_version=&#8221;4.21.0&#8243; border_width_all=&#8221;1px&#8221; border_color_all=&#8221;#CBB54C&#8221; global_colors_info=&#8221;{}&#8221; button_text_size__hover_enabled=&#8221;off&#8221; button_one_text_size__hover_enabled=&#8221;off&#8221; button_two_text_size__hover_enabled=&#8221;off&#8221; button_text_color__hover_enabled=&#8221;off&#8221; button_one_text_color__hover_enabled=&#8221;off&#8221; button_two_text_color__hover_enabled=&#8221;off&#8221; button_border_width__hover_enabled=&#8221;off&#8221; button_one_border_width__hover_enabled=&#8221;off&#8221; button_two_border_width__hover_enabled=&#8221;off&#8221; button_border_color__hover_enabled=&#8221;off&#8221; button_one_border_color__hover_enabled=&#8221;off&#8221; button_two_border_color__hover_enabled=&#8221;off&#8221; button_border_radius__hover_enabled=&#8221;off&#8221; button_one_border_radius__hover_enabled=&#8221;off&#8221; button_two_border_radius__hover_enabled=&#8221;off&#8221; button_letter_spacing__hover_enabled=&#8221;off&#8221; button_one_letter_spacing__hover_enabled=&#8221;off&#8221; button_two_letter_spacing__hover_enabled=&#8221;off&#8221; button_bg_color__hover_enabled=&#8221;off&#8221; button_one_bg_color__hover_enabled=&#8221;off&#8221; button_two_bg_color__hover_enabled=&#8221;off&#8221;][\/et_pb_contact_field][\/et_pb_contact_form][\/et_pb_column][et_pb_column type=&#8221;1_3&#8243; _builder_version=&#8221;4.21.0&#8243; _module_preset=&#8221;default&#8221; global_colors_info=&#8221;{}&#8221;][et_pb_text _builder_version=&#8221;4.21.0&#8243; _module_preset=&#8221;default&#8221; header_5_text_color=&#8221;#CBB54C&#8221; text_orientation=&#8221;center&#8221; global_colors_info=&#8221;{}&#8221;]<\/p>\n<h5>Email<\/h5>\n<p>granosysemillas@algosur.com<\/p>\n<p>[\/et_pb_text][et_pb_text _builder_version=&#8221;4.22.1&#8243; _module_preset=&#8221;default&#8221; header_5_text_color=&#8221;#CBB54C&#8221; text_orientation=&#8221;center&#8221; link_option_url=&#8221;https:\/\/goo.gl\/maps\/ujcdUieQKufJFoXq8&#8243; link_option_url_new_window=&#8221;on&#8221; global_colors_info=&#8221;{}&#8221;]<\/p>\n<h5>Address<\/h5>\n<p>Pol\u00edgono Industrial El Muro<br \/>C\/ Desarrollo 2<br \/>41720, Los Palacios y Villafranca<br \/>(Seville, Spain)<\/p>\n<p>[\/et_pb_text][\/et_pb_column][\/et_pb_row][\/et_pb_section][et_pb_section fb_built=&#8221;1&#8243; fullwidth=&#8221;on&#8221; _builder_version=&#8221;4.21.0&#8243; _module_preset=&#8221;default&#8221; global_colors_info=&#8221;{}&#8221;][et_pb_fullwidth_map address=&#8221;C. Desarrollo, 3, 41720 Los Palacios y Villafranca, Sevilla, Espa\u00f1a&#8221; zoom_level=&#8221;17&#8243; address_lat=&#8221;37.1659782&#8243; address_lng=&#8221;-5.9388317&#8243; _builder_version=&#8221;4.21.0&#8243; _module_preset=&#8221;default&#8221; global_colors_info=&#8221;{}&#8221;][et_pb_map_pin pin_address=&#8221;C. Desarrollo, 3, 41720 Los Palacios y Villafranca, Sevilla, Espa\u00f1a&#8221; zoom_level=&#8221;15&#8243; pin_address_lat=&#8221;37.1659782&#8243; pin_address_lng=&#8221;-5.9388317&#8243; _builder_version=&#8221;4.21.0&#8243; _module_preset=&#8221;default&#8221; global_colors_info=&#8221;{}&#8221;][\/et_pb_map_pin][\/et_pb_fullwidth_map][\/et_pb_section]<\/p>\n","protected":false},"excerpt":{"rendered":"<p>Email granosysemillas@algosur.comAddress Pol\u00edgono Industrial El MuroC\/ Desarrollo 241720, Los Palacios y Villafranca(Seville, Spain)<\/p>\n","protected":false},"author":1,"featured_media":0,"parent":0,"menu_order":0,"comment_status":"closed","ping_status":"closed","template":"","meta":{"_et_pb_use_builder":"on","_et_pb_old_content":"","_et_gb_content_width":"","footnotes":""},"class_list":["post-797","page","type-page","status-publish","hentry"],"yoast_head":"<!-- This site is optimized with the Yoast SEO plugin v21.1 - https:\/\/yoast.com\/wordpress\/plugins\/seo\/ -->\n<title>Contact - Granos y Semillas del Sur<\/title>\n<meta name=\"robots\" content=\"index, follow, max-snippet:-1, max-image-preview:large, max-video-preview:-1\" \/>\n<link rel=\"canonical\" href=\"https:\/\/granosysemillasdelsur.com\/en\/contact\/\" \/>\n<meta property=\"og:locale\" content=\"en_US\" \/>\n<meta property=\"og:type\" content=\"article\" \/>\n<meta property=\"og:title\" content=\"Contact - Granos y Semillas del Sur\" \/>\n<meta property=\"og:description\" content=\"Email granosysemillas@algosur.comAddress Pol\u00edgono Industrial El MuroC\/ Desarrollo 241720, Los Palacios y Villafranca(Seville, Spain)\" \/>\n<meta property=\"og:url\" content=\"https:\/\/granosysemillasdelsur.com\/en\/contact\/\" \/>\n<meta property=\"og:site_name\" content=\"Granos y Semillas del Sur\" \/>\n<meta property=\"article:modified_time\" content=\"2023-09-07T14:26:28+00:00\" \/>\n<meta property=\"og:image\" content=\"https:\/\/granosysemillasdelsur.com\/wp-content\/uploads\/2023\/07\/logo-horizontal-granosysemillasdelsur.png\" \/>\n\t<meta property=\"og:image:width\" content=\"800\" \/>\n\t<meta property=\"og:image:height\" content=\"320\" \/>\n\t<meta property=\"og:image:type\" content=\"image\/png\" \/>\n<meta name=\"twitter:card\" content=\"summary_large_image\" \/>\n<meta name=\"twitter:label1\" content=\"Est. reading time\" \/>\n\t<meta name=\"twitter:data1\" content=\"10 minutes\" \/>\n<script type=\"application\/ld+json\" class=\"yoast-schema-graph\">{\"@context\":\"https:\/\/schema.org\",\"@graph\":[{\"@type\":\"WebPage\",\"@id\":\"https:\/\/granosysemillasdelsur.com\/en\/contact\/\",\"url\":\"https:\/\/granosysemillasdelsur.com\/en\/contact\/\",\"name\":\"Contact - Granos y Semillas del Sur\",\"isPartOf\":{\"@id\":\"https:\/\/granosysemillasdelsur.com\/en\/#website\"},\"datePublished\":\"2023-07-04T15:32:15+00:00\",\"dateModified\":\"2023-09-07T14:26:28+00:00\",\"breadcrumb\":{\"@id\":\"https:\/\/granosysemillasdelsur.com\/en\/contact\/#breadcrumb\"},\"inLanguage\":\"en-US\",\"potentialAction\":[{\"@type\":\"ReadAction\",\"target\":[\"https:\/\/granosysemillasdelsur.com\/en\/contact\/\"]}]},{\"@type\":\"BreadcrumbList\",\"@id\":\"https:\/\/granosysemillasdelsur.com\/en\/contact\/#breadcrumb\",\"itemListElement\":[{\"@type\":\"ListItem\",\"position\":1,\"name\":\"Portada\",\"item\":\"https:\/\/granosysemillasdelsur.com\/en\/home\/\"},{\"@type\":\"ListItem\",\"position\":2,\"name\":\"Contact\"}]},{\"@type\":\"WebSite\",\"@id\":\"https:\/\/granosysemillasdelsur.com\/en\/#website\",\"url\":\"https:\/\/granosysemillasdelsur.com\/en\/\",\"name\":\"Granos y Semillas del Sur\",\"description\":\"Granos y Semillas del Sur es una entidad 100% espa\u00f1ola dedicada al cultivo, procesado y comercializaci\u00f3n de una amplia variedad de productos con alto valor biol\u00f3gico.\",\"publisher\":{\"@id\":\"https:\/\/granosysemillasdelsur.com\/en\/#organization\"},\"alternateName\":\"Granos y Semillas del Sur S.L.U.\",\"potentialAction\":[{\"@type\":\"SearchAction\",\"target\":{\"@type\":\"EntryPoint\",\"urlTemplate\":\"https:\/\/granosysemillasdelsur.com\/en\/?s={search_term_string}\"},\"query-input\":\"required name=search_term_string\"}],\"inLanguage\":\"en-US\"},{\"@type\":\"Organization\",\"@id\":\"https:\/\/granosysemillasdelsur.com\/en\/#organization\",\"name\":\"Granos y Semillas del Sur, S.L.U.\",\"url\":\"https:\/\/granosysemillasdelsur.com\/en\/\",\"logo\":{\"@type\":\"ImageObject\",\"inLanguage\":\"en-US\",\"@id\":\"https:\/\/granosysemillasdelsur.com\/en\/#\/schema\/logo\/image\/\",\"url\":\"https:\/\/granosysemillasdelsur.com\/wp-content\/uploads\/2023\/07\/logo-horizontal-granosysemillasdelsur.png\",\"contentUrl\":\"https:\/\/granosysemillasdelsur.com\/wp-content\/uploads\/2023\/07\/logo-horizontal-granosysemillasdelsur.png\",\"width\":800,\"height\":320,\"caption\":\"Granos y Semillas del Sur, S.L.U.\"},\"image\":{\"@id\":\"https:\/\/granosysemillasdelsur.com\/en\/#\/schema\/logo\/image\/\"}}]}<\/script>\n<!-- \/ Yoast SEO plugin. -->","yoast_head_json":{"title":"Contact - Granos y Semillas del Sur","robots":{"index":"index","follow":"follow","max-snippet":"max-snippet:-1","max-image-preview":"max-image-preview:large","max-video-preview":"max-video-preview:-1"},"canonical":"https:\/\/granosysemillasdelsur.com\/en\/contact\/","og_locale":"en_US","og_type":"article","og_title":"Contact - Granos y Semillas del Sur","og_description":"Email granosysemillas@algosur.comAddress Pol\u00edgono Industrial El MuroC\/ Desarrollo 241720, Los Palacios y Villafranca(Seville, Spain)","og_url":"https:\/\/granosysemillasdelsur.com\/en\/contact\/","og_site_name":"Granos y Semillas del Sur","article_modified_time":"2023-09-07T14:26:28+00:00","og_image":[{"width":800,"height":320,"url":"https:\/\/granosysemillasdelsur.com\/wp-content\/uploads\/2023\/07\/logo-horizontal-granosysemillasdelsur.png","type":"image\/png"}],"twitter_card":"summary_large_image","twitter_misc":{"Est. reading time":"10 minutes"},"schema":{"@context":"https:\/\/schema.org","@graph":[{"@type":"WebPage","@id":"https:\/\/granosysemillasdelsur.com\/en\/contact\/","url":"https:\/\/granosysemillasdelsur.com\/en\/contact\/","name":"Contact - Granos y Semillas del Sur","isPartOf":{"@id":"https:\/\/granosysemillasdelsur.com\/en\/#website"},"datePublished":"2023-07-04T15:32:15+00:00","dateModified":"2023-09-07T14:26:28+00:00","breadcrumb":{"@id":"https:\/\/granosysemillasdelsur.com\/en\/contact\/#breadcrumb"},"inLanguage":"en-US","potentialAction":[{"@type":"ReadAction","target":["https:\/\/granosysemillasdelsur.com\/en\/contact\/"]}]},{"@type":"BreadcrumbList","@id":"https:\/\/granosysemillasdelsur.com\/en\/contact\/#breadcrumb","itemListElement":[{"@type":"ListItem","position":1,"name":"Portada","item":"https:\/\/granosysemillasdelsur.com\/en\/home\/"},{"@type":"ListItem","position":2,"name":"Contact"}]},{"@type":"WebSite","@id":"https:\/\/granosysemillasdelsur.com\/en\/#website","url":"https:\/\/granosysemillasdelsur.com\/en\/","name":"Granos y Semillas del Sur","description":"Granos y Semillas del Sur es una entidad 100% espa\u00f1ola dedicada al cultivo, procesado y comercializaci\u00f3n de una amplia variedad de productos con alto valor biol\u00f3gico.","publisher":{"@id":"https:\/\/granosysemillasdelsur.com\/en\/#organization"},"alternateName":"Granos y Semillas del Sur S.L.U.","potentialAction":[{"@type":"SearchAction","target":{"@type":"EntryPoint","urlTemplate":"https:\/\/granosysemillasdelsur.com\/en\/?s={search_term_string}"},"query-input":"required name=search_term_string"}],"inLanguage":"en-US"},{"@type":"Organization","@id":"https:\/\/granosysemillasdelsur.com\/en\/#organization","name":"Granos y Semillas del Sur, S.L.U.","url":"https:\/\/granosysemillasdelsur.com\/en\/","logo":{"@type":"ImageObject","inLanguage":"en-US","@id":"https:\/\/granosysemillasdelsur.com\/en\/#\/schema\/logo\/image\/","url":"https:\/\/granosysemillasdelsur.com\/wp-content\/uploads\/2023\/07\/logo-horizontal-granosysemillasdelsur.png","contentUrl":"https:\/\/granosysemillasdelsur.com\/wp-content\/uploads\/2023\/07\/logo-horizontal-granosysemillasdelsur.png","width":800,"height":320,"caption":"Granos y Semillas del Sur, S.L.U."},"image":{"@id":"https:\/\/granosysemillasdelsur.com\/en\/#\/schema\/logo\/image\/"}}]}},"_links":{"self":[{"href":"https:\/\/granosysemillasdelsur.com\/en\/wp-json\/wp\/v2\/pages\/797","targetHints":{"allow":["GET"]}}],"collection":[{"href":"https:\/\/granosysemillasdelsur.com\/en\/wp-json\/wp\/v2\/pages"}],"about":[{"href":"https:\/\/granosysemillasdelsur.com\/en\/wp-json\/wp\/v2\/types\/page"}],"author":[{"embeddable":true,"href":"https:\/\/granosysemillasdelsur.com\/en\/wp-json\/wp\/v2\/users\/1"}],"replies":[{"embeddable":true,"href":"https:\/\/granosysemillasdelsur.com\/en\/wp-json\/wp\/v2\/comments?post=797"}],"version-history":[{"count":14,"href":"https:\/\/granosysemillasdelsur.com\/en\/wp-json\/wp\/v2\/pages\/797\/revisions"}],"predecessor-version":[{"id":977,"href":"https:\/\/granosysemillasdelsur.com\/en\/wp-json\/wp\/v2\/pages\/797\/revisions\/977"}],"wp:attachment":[{"href":"https:\/\/granosysemillasdelsur.com\/en\/wp-json\/wp\/v2\/media?parent=797"}],"curies":[{"name":"wp","href":"https:\/\/api.w.org\/{rel}","templated":true}]}}